{"id":1368,"date":"2019-09-05T18:02:21","date_gmt":"2019-09-05T21:02:21","guid":{"rendered":"https:\/\/uaibyte.com.br\/site\/?post_type=product&#038;p=1368"},"modified":"2025-06-10T14:42:24","modified_gmt":"2025-06-10T17:42:24","slug":"toner-285a-85a-285-p1102-m1132-m1212-hp-compativel-novo","status":"publish","type":"product","link":"https:\/\/uaibyte.com.br\/site\/produto\/toner-285a-85a-285-p1102-m1132-m1212-hp-compativel-novo\/","title":{"rendered":"Toner 285a 85a 285 P1102 M1132 M1212 Hp Compativel Novo"},"content":{"rendered":"<h4>***TRABALHAMOS COM AS MARCAS CHINAMATE, CHINAPLUS, EVOLUT E ISD CONSULTE NOSSO ESTOQUE***<\/h4>\n<p>Formato Toner<br \/>\nTipo de cartucho Compat\u00edvel<br \/>\nCor da tinta Preto<br \/>\nLinha LaserJet<br \/>\nModelo alfanum\u00e9rico 285a<br \/>\nModelo detalhado CE285A<br \/>\nToner Compat\u00edvel HP 285a 85a LACRADO<\/p>\n<p>Tem muitos toners no mercado que s\u00e3o recarregados, e anunciados como originais.<\/p>\n<p>N\u00f3s garantimos o produto.<\/p>\n<p>Nome: Cartucho de Toner Preto<br \/>\nModelo: HR-CE285A<br \/>\nCompatibilidade: LaserJet Pro M1130, LaserJet Pro M1132, LaserJet Pro M1134<br \/>\nLaserJet Pro M1136, LaserJet Pro M1137, LaserJet Pro M1138, LaserJet Pro M1139<br \/>\nLaserJet Pro M1212 nf, LaserJet Pro M1212F, LaserJet Pro M1213 nf<br \/>\nLaserJet Pro M1214 nfh, LaserJet Pro M1216 nfh, LaserJet Pro M1217 nfw<br \/>\nLaserJet Pro M1219 nf, LaserJet Pro P1102, LaserJet Pro P1102w<br \/>\nQuantidade de p\u00e1ginas: 1.600 c\u00f3pias com 5% de cobertura<\/p>\n<p>ATEN\u00c7\u00c3O:<br \/>\nAo desembalar O TONER e instalar tenha muita aten\u00e7\u00e3o:<br \/>\nSIGA TODOS OS PASSOS PARA N\u00c3O DANIFICAR SUA IMPRESSORA.<\/p>\n<p>-REMOVER TODOS OS LACRES EM VERMELHO DE FABRICA EXTERNOS DO TONER<br \/>\n&#8211; REMOVER LACRES INTERNOS, UMA FITA (essa fita vem com puxador vermelho, puxe at\u00e9 sair toda fita.) FEITO TODOS ESSES PROCEDIMENTOS, PODE UTILIZAR COM TODA SEGURAN\u00c7A.<\/p>\n<p>***Imagens Ilustrativas<\/p>\n","protected":false},"excerpt":{"rendered":"<p>***TRABALHAMOS COM AS MARCAS CHINAMATE, CHINAPLUS, EVOLUT E ISD CONSULTE NOSSO ESTOQUE*** Formato Toner Tipo de cartucho Compat\u00edvel Cor da tinta Preto Linha LaserJet Modelo alfanum\u00e9rico 285a Modelo detalhado CE285A Toner Compat\u00edvel HP 285a 85a LACRADO Tem muitos toners no mercado que s\u00e3o recarregados, e anunciados como originais. N\u00f3s garantimos o produto. Nome: Cartucho de [&hellip;]<\/p>\n","protected":false},"featured_media":1369,"comment_status":"open","ping_status":"closed","template":"","meta":[],"_links":{"self":[{"href":"https:\/\/uaibyte.com.br\/site\/wp-json\/wp\/v2\/product\/1368"}],"collection":[{"href":"https:\/\/uaibyte.com.br\/site\/wp-json\/wp\/v2\/product"}],"about":[{"href":"https:\/\/uaibyte.com.br\/site\/wp-json\/wp\/v2\/types\/product"}],"replies":[{"embeddable":true,"href":"https:\/\/uaibyte.com.br\/site\/wp-json\/wp\/v2\/comments?post=1368"}],"wp:featuredmedia":[{"embeddable":true,"href":"https:\/\/uaibyte.com.br\/site\/wp-json\/wp\/v2\/media\/1369"}],"wp:attachment":[{"href":"https:\/\/uaibyte.com.br\/site\/wp-json\/wp\/v2\/media?parent=1368"}],"curies":[{"name":"wp","href":"https:\/\/api.w.org\/{rel}","templated":true}]}}