{"id":1375,"date":"2019-09-05T20:33:35","date_gmt":"2019-09-05T23:33:35","guid":{"rendered":"https:\/\/uaibyte.com.br\/site\/?post_type=product&#038;p=1375"},"modified":"2024-07-11T01:44:35","modified_gmt":"2024-07-11T04:44:35","slug":"toner-compativel-d111s-samsung-m2020-m2020w-m2070-m2070w-m2070fw-novo","status":"publish","type":"product","link":"https:\/\/uaibyte.com.br\/site\/produto\/toner-compativel-d111s-samsung-m2020-m2020w-m2070-m2070w-m2070fw-novo\/","title":{"rendered":"Toner Compat\u00edvel D111S Samsung M2020 M2020W M2070 M2070W M2070FW Novo"},"content":{"rendered":"<h4>***TRABALHAMOS COM AS MARCAS CHINAMATE, CHINAPLUS, EVOLUT E ISD CONSULTE NOSSO ESTOQUE***<\/h4>\n<h4>Detalhes<\/h4>\n<p>Cartucho de Toner Samsung MLTD111S MLTD111 MLT-D111. Cor:Preto\/Black. Indicado para uso nas seguintes impressoras: Xpress SL-M2020W M-2020 M-2020FW, SL-M2070W M2070FW M-2070 M-2070W M-2070FW . Com rendimento m\u00e9dio de 1.000 impress\u00f5es com 5% de cobertura no papel A4. Cartucho de Toner compat\u00edvel com o Original. Marca: Evolut. Possui excelente qualidade de impress\u00e3o.<br \/>\nCompatibilidade<br \/>\nCartucho de Toner Compat\u00edvel da Samsung. Marca: Evolut. Produto com \u00f3tima qualidade, compat\u00edvel com o original.<\/p>\n<h4>Produto Utilizado nas seguintes impressoras:<\/h4>\n<p>Samsung M2020W Xpress<br \/>\nSamsung SL-M2020 Xpress<br \/>\nSamsung M2070FW Xpress<br \/>\nSamsung M2070W Xpress<br \/>\nEspecifica\u00e7\u00e3o<br \/>\nProduto Compat\u00edvel<\/p>\n<p>Cartucho de Toner Samsung<\/p>\n<p>Modelo: MLT-D111S<\/p>\n<p>Cor: Preto \/ Black<\/p>\n<p>Rendimento m\u00e9dio de 1.000 impress\u00f5es<\/p>\n<p>Garantia de 1 ano para defeito de fabrica\u00e7\u00e3o<\/p>\n<p>***Imagens ilustrativas<\/p>\n","protected":false},"excerpt":{"rendered":"<p>***TRABALHAMOS COM AS MARCAS CHINAMATE, CHINAPLUS, EVOLUT E ISD CONSULTE NOSSO ESTOQUE*** Detalhes Cartucho de Toner Samsung MLTD111S MLTD111 MLT-D111. Cor:Preto\/Black. Indicado para uso nas seguintes impressoras: Xpress SL-M2020W M-2020 M-2020FW, SL-M2070W M2070FW M-2070 M-2070W M-2070FW . Com rendimento m\u00e9dio de 1.000 impress\u00f5es com 5% de cobertura no papel A4. Cartucho de Toner compat\u00edvel com [&hellip;]<\/p>\n","protected":false},"featured_media":1376,"comment_status":"open","ping_status":"closed","template":"","meta":[],"_links":{"self":[{"href":"https:\/\/uaibyte.com.br\/site\/wp-json\/wp\/v2\/product\/1375"}],"collection":[{"href":"https:\/\/uaibyte.com.br\/site\/wp-json\/wp\/v2\/product"}],"about":[{"href":"https:\/\/uaibyte.com.br\/site\/wp-json\/wp\/v2\/types\/product"}],"replies":[{"embeddable":true,"href":"https:\/\/uaibyte.com.br\/site\/wp-json\/wp\/v2\/comments?post=1375"}],"wp:featuredmedia":[{"embeddable":true,"href":"https:\/\/uaibyte.com.br\/site\/wp-json\/wp\/v2\/media\/1376"}],"wp:attachment":[{"href":"https:\/\/uaibyte.com.br\/site\/wp-json\/wp\/v2\/media?parent=1375"}],"curies":[{"name":"wp","href":"https:\/\/api.w.org\/{rel}","templated":true}]}}