{"id":1540,"date":"2019-09-10T17:29:43","date_gmt":"2019-09-10T20:29:43","guid":{"rendered":"https:\/\/uaibyte.com.br\/site\/?post_type=product&#038;p=1540"},"modified":"2022-12-30T14:40:02","modified_gmt":"2022-12-30T17:40:02","slug":"pen-drive-16gb-novo-pronta-entrega","status":"publish","type":"product","link":"https:\/\/uaibyte.com.br\/site\/produto\/pen-drive-16gb-novo-pronta-entrega\/","title":{"rendered":"Pen Drive 16gb Novo Pronta Entrega"},"content":{"rendered":"<h4>***TRABALHAMOS COM AS MARCAS CONSULTE NOSSO ESTOQUE***<\/h4>\n<p><strong>Descri\u00e7\u00e3o<\/strong><\/p>\n<p>Pen Drive 16GB<\/p>\n<p>Especifica\u00e7\u00f5es T\u00e9cnicas:<br \/>\n&#8211; Interface: USB.<br \/>\n&#8211; Capacidade de armazenamento: 16GB.<br \/>\n&#8211; Sistemas Operacionais: Todos Windows MAC e Linux.<br \/>\n&#8211; Taxa de transfer\u00eancia: 10mb\/seg.<br \/>\n&#8211; Alimenta\u00e7\u00e3o: USB.<\/p>\n<p>Garantia: 3 Meses<\/p>\n<p>Pronta Entrega<\/p>\n<p>***Imagens ilustrativas<\/p>\n","protected":false},"excerpt":{"rendered":"<p>***TRABALHAMOS COM AS MARCAS CONSULTE NOSSO ESTOQUE*** Descri\u00e7\u00e3o Pen Drive 16GB Especifica\u00e7\u00f5es T\u00e9cnicas: &#8211; Interface: USB. &#8211; Capacidade de armazenamento: 16GB. &#8211; Sistemas Operacionais: Todos Windows MAC e Linux. &#8211; Taxa de transfer\u00eancia: 10mb\/seg. &#8211; Alimenta\u00e7\u00e3o: USB. Garantia: 3 Meses Pronta Entrega ***Imagens ilustrativas<\/p>\n","protected":false},"featured_media":1541,"comment_status":"open","ping_status":"closed","template":"","meta":[],"_links":{"self":[{"href":"https:\/\/uaibyte.com.br\/site\/wp-json\/wp\/v2\/product\/1540"}],"collection":[{"href":"https:\/\/uaibyte.com.br\/site\/wp-json\/wp\/v2\/product"}],"about":[{"href":"https:\/\/uaibyte.com.br\/site\/wp-json\/wp\/v2\/types\/product"}],"replies":[{"embeddable":true,"href":"https:\/\/uaibyte.com.br\/site\/wp-json\/wp\/v2\/comments?post=1540"}],"wp:featuredmedia":[{"embeddable":true,"href":"https:\/\/uaibyte.com.br\/site\/wp-json\/wp\/v2\/media\/1541"}],"wp:attachment":[{"href":"https:\/\/uaibyte.com.br\/site\/wp-json\/wp\/v2\/media?parent=1540"}],"curies":[{"name":"wp","href":"https:\/\/api.w.org\/{rel}","templated":true}]}}