{"id":1545,"date":"2019-09-10T17:37:07","date_gmt":"2019-09-10T20:37:07","guid":{"rendered":"https:\/\/uaibyte.com.br\/site\/?post_type=product&#038;p=1545"},"modified":"2022-05-13T23:31:23","modified_gmt":"2022-05-14T02:31:23","slug":"ssd-kingston-a400-2-5-120gb-sata-i-i-i-320mb-sa400s37-120gb","status":"publish","type":"product","link":"https:\/\/uaibyte.com.br\/site\/produto\/ssd-kingston-a400-2-5-120gb-sata-i-i-i-320mb-sa400s37-120gb\/","title":{"rendered":"Ssd Kingston A400 2.5 120gb Sata I I I 320mb Sa400s37\/120gb"},"content":{"rendered":"<p><strong>SSD Kingston A400 2.5&#8243; 120GB SATA III 320MB SA400S37\/120G<\/strong><\/p>\n<p>A unidade de estado s\u00f3lido A400 da Kingston aumenta drasticamente a resposta do seu computador com tempos incr\u00edveis de inicializa\u00e7\u00e3o, carregamento e transfer\u00eancia, comparados a discos r\u00edgidos mec\u00e2nicos. Refor\u00e7ado com uma controladora de \u00faltima gera\u00e7\u00e3o para velocidades de leitura e grava\u00e7\u00e3o de at\u00e9 500MB\/s e 450MB\/s1, este SSD \u00e9 10x mais r\u00e1pido do que um disco r\u00edgido tradicional1 para melhor desempenho, resposta ultra-r\u00e1pida em multitarefas e um computador mais r\u00e1pido de modo geral. Tamb\u00e9m mais confi\u00e1vel e dur\u00e1vel do que um disco r\u00edgido, o A400 \u00e9 produzido em diversas capacidades de 120GB a 960GB2.<\/p>\n<p>R\u00e1pida inicializa\u00e7\u00e3o, carregamento e transfer\u00eancia de arquivos<\/p>\n<p>Mais confi\u00e1vel e mais dur\u00e1vel do que um disco r\u00edgido<\/p>\n<p>Diversas capacidades com espa\u00e7o para aplicativos ou para substitui\u00e7\u00e3o do disco r\u00edgido<\/p>\n<p>Benef\u00edcios:<\/p>\n<p>10 Vezes Mais R\u00e1pido Do Que Um Disco Drive1 7200;<\/p>\n<p>Mais Confi\u00e1vel E Dur\u00e1vel Do Que Um Disco R\u00edgido;<\/p>\n<p>Dispon\u00edvel Como Um Kit Pacote Para Uma F\u00e1cil Instala\u00e7\u00e3o;<\/p>\n<p>Capacidades M\u00faltiplas Para Atender \u00c0s Suas Necessidades;<\/p>\n<p>ESPECIFICA\u00c7\u00d5ES:<\/p>\n<p>* Capacidade: 120Gb<\/p>\n<p>* Temperatura: -40 \u00b0 C ~ 85 \u00b0 C<\/p>\n<p>* Marca: Kingston<\/p>\n<p>* Interface: Sata Rev. 3.0 (6Gb \/ S) &#8211; Com Compatibilidade Com Vers\u00f5es Anteriores Para Sata Rev. 2.0 (3Gb \/ S)<\/p>\n<p>* Peso: 57G<\/p>\n<p>* Dimens\u00f5es: 100,0Mm X 69,9Mm X 7,0Mm<\/p>\n<p>* Velocidade De Leitura: At\u00e9 550Mb \/ S<\/p>\n<p>* Velocidade De Grava\u00e7\u00e3o: At\u00e9 350Mb \/ S<\/p>\n<p>* Factor De Forma: 2.5 &#8221;<\/p>\n<p>Imagens de car\u00e1ter ilustrativo<\/p>\n<p>**TRABALHAMOS COM OUTRAS MARCAS ANTES DE COMPRAR CONSULTE A DISPONIBILIDADE POR CHAT OU TELEFONE***<\/p>\n","protected":false},"excerpt":{"rendered":"<p>SSD Kingston A400 2.5&#8243; 120GB SATA III 320MB SA400S37\/120G A unidade de estado s\u00f3lido A400 da Kingston aumenta drasticamente a resposta do seu computador com tempos incr\u00edveis de inicializa\u00e7\u00e3o, carregamento e transfer\u00eancia, comparados a discos r\u00edgidos mec\u00e2nicos. Refor\u00e7ado com uma controladora de \u00faltima gera\u00e7\u00e3o para velocidades de leitura e grava\u00e7\u00e3o de at\u00e9 500MB\/s e 450MB\/s1, [&hellip;]<\/p>\n","protected":false},"featured_media":1547,"comment_status":"open","ping_status":"closed","template":"","meta":[],"_links":{"self":[{"href":"https:\/\/uaibyte.com.br\/site\/wp-json\/wp\/v2\/product\/1545"}],"collection":[{"href":"https:\/\/uaibyte.com.br\/site\/wp-json\/wp\/v2\/product"}],"about":[{"href":"https:\/\/uaibyte.com.br\/site\/wp-json\/wp\/v2\/types\/product"}],"replies":[{"embeddable":true,"href":"https:\/\/uaibyte.com.br\/site\/wp-json\/wp\/v2\/comments?post=1545"}],"wp:featuredmedia":[{"embeddable":true,"href":"https:\/\/uaibyte.com.br\/site\/wp-json\/wp\/v2\/media\/1547"}],"wp:attachment":[{"href":"https:\/\/uaibyte.com.br\/site\/wp-json\/wp\/v2\/media?parent=1545"}],"curies":[{"name":"wp","href":"https:\/\/api.w.org\/{rel}","templated":true}]}}