{"id":1568,"date":"2019-09-11T16:55:21","date_gmt":"2019-09-11T19:55:21","guid":{"rendered":"https:\/\/uaibyte.com.br\/site\/?post_type=product&#038;p=1568"},"modified":"2023-01-06T07:12:21","modified_gmt":"2023-01-06T10:12:21","slug":"memoria-kingston-8gb-2400mhz-ddr4-pc","status":"publish","type":"product","link":"https:\/\/uaibyte.com.br\/site\/produto\/memoria-kingston-8gb-2400mhz-ddr4-pc\/","title":{"rendered":"Mem\u00f3ria Kingston 8gb 2400mhz Ddr4 Pc"},"content":{"rendered":"<h2 class=\"main-section__title item-description__title\">Descri\u00e7\u00e3o<\/h2>\n<div id=\"description-includes\" class=\"item-description__content \">\n<div class=\"item-description__text\">\n<p>A HyperX FURY DDR4 pode enfrentar as mais dif\u00edceis batalhas. Ela reconhece automaticamente a sua plataforma host e faz o overclock autom\u00e1tico para a maior frequ\u00eancia publicada.<\/p>\n<p>A FURY DDR4 consome 12V assim ir\u00e1 manter-se fresca enquanto voc\u00ea joga. Voc\u00ea n\u00e3o precisa alterar a voltagem para alcan\u00e7ar velocidades mais altas o que significa que h\u00e1 mais energia para outro hardware do sistema.<\/p>\n<p>O modelo do dissipador de calor assim\u00e9trico da FURY proporciona maior dissipa\u00e7\u00e3o t\u00e9rmica. Ela complementa os processadores core 6 ou core 8 da Intel para edi\u00e7\u00e3o de v\u00eddeo mais r\u00e1pida renderiza\u00e7\u00e3o em 3D jogos e processamento.<\/p>\n<p>Marca: Kingston<br \/>\nCapacidade: 8GB.<br \/>\nDDR4-2400.<\/p>\n<p>***Imagens Ilustrativa***<\/p>\n<\/div>\n<\/div>\n","protected":false},"excerpt":{"rendered":"<p>Descri\u00e7\u00e3o A HyperX FURY DDR4 pode enfrentar as mais dif\u00edceis batalhas. Ela reconhece automaticamente a sua plataforma host e faz o overclock autom\u00e1tico para a maior frequ\u00eancia publicada. A FURY DDR4 consome 12V assim ir\u00e1 manter-se fresca enquanto voc\u00ea joga. Voc\u00ea n\u00e3o precisa alterar a voltagem para alcan\u00e7ar velocidades mais altas o que significa que [&hellip;]<\/p>\n","protected":false},"featured_media":1569,"comment_status":"open","ping_status":"closed","template":"","meta":[],"_links":{"self":[{"href":"https:\/\/uaibyte.com.br\/site\/wp-json\/wp\/v2\/product\/1568"}],"collection":[{"href":"https:\/\/uaibyte.com.br\/site\/wp-json\/wp\/v2\/product"}],"about":[{"href":"https:\/\/uaibyte.com.br\/site\/wp-json\/wp\/v2\/types\/product"}],"replies":[{"embeddable":true,"href":"https:\/\/uaibyte.com.br\/site\/wp-json\/wp\/v2\/comments?post=1568"}],"wp:featuredmedia":[{"embeddable":true,"href":"https:\/\/uaibyte.com.br\/site\/wp-json\/wp\/v2\/media\/1569"}],"wp:attachment":[{"href":"https:\/\/uaibyte.com.br\/site\/wp-json\/wp\/v2\/media?parent=1568"}],"curies":[{"name":"wp","href":"https:\/\/api.w.org\/{rel}","templated":true}]}}