{"id":1570,"date":"2019-09-11T16:57:18","date_gmt":"2019-09-11T19:57:18","guid":{"rendered":"https:\/\/uaibyte.com.br\/site\/?post_type=product&#038;p=1570"},"modified":"2024-07-22T06:25:34","modified_gmt":"2024-07-22T09:25:34","slug":"memoria-kingston-8gb-2400mhz-ddr4-kvr24s17s8-8","status":"publish","type":"product","link":"https:\/\/uaibyte.com.br\/site\/produto\/memoria-kingston-8gb-2400mhz-ddr4-kvr24s17s8-8\/","title":{"rendered":"Mem\u00f3ria Kingston 8gb 2400mhz Ddr4 Kvr24s17s8\/8"},"content":{"rendered":"<p>Caracter\u00edsticas:<\/p>\n<p>&#8211; Marca: Kingston<br \/>\n&#8211; Modelo: KVR24S17S8\/8<\/p>\n<p>Especifica\u00e7\u00f5es:<\/p>\n<p>&#8211; Capacidade: 8GB<br \/>\n&#8211; Frequ\u00eancia: 2.400MHz<br \/>\n&#8211; Lat\u00eancia: 17-17-17<br \/>\n&#8211; Padr\u00e3o: DDR4<br \/>\n&#8211; Segmento: Notebook<br \/>\n&#8211; Tens\u00e3o: 1.2V<br \/>\n&#8211; Pinagem: 260-pin DIMM<br \/>\n&#8211; Interface: 1G x 64-Bit PC4-2400<\/p>\n","protected":false},"excerpt":{"rendered":"<p>Caracter\u00edsticas: &#8211; Marca: Kingston &#8211; Modelo: KVR24S17S8\/8 Especifica\u00e7\u00f5es: &#8211; Capacidade: 8GB &#8211; Frequ\u00eancia: 2.400MHz &#8211; Lat\u00eancia: 17-17-17 &#8211; Padr\u00e3o: DDR4 &#8211; Segmento: Notebook &#8211; Tens\u00e3o: 1.2V &#8211; Pinagem: 260-pin DIMM &#8211; Interface: 1G x 64-Bit PC4-2400<\/p>\n","protected":false},"featured_media":1571,"comment_status":"open","ping_status":"closed","template":"","meta":[],"_links":{"self":[{"href":"https:\/\/uaibyte.com.br\/site\/wp-json\/wp\/v2\/product\/1570"}],"collection":[{"href":"https:\/\/uaibyte.com.br\/site\/wp-json\/wp\/v2\/product"}],"about":[{"href":"https:\/\/uaibyte.com.br\/site\/wp-json\/wp\/v2\/types\/product"}],"replies":[{"embeddable":true,"href":"https:\/\/uaibyte.com.br\/site\/wp-json\/wp\/v2\/comments?post=1570"}],"wp:featuredmedia":[{"embeddable":true,"href":"https:\/\/uaibyte.com.br\/site\/wp-json\/wp\/v2\/media\/1571"}],"wp:attachment":[{"href":"https:\/\/uaibyte.com.br\/site\/wp-json\/wp\/v2\/media?parent=1570"}],"curies":[{"name":"wp","href":"https:\/\/api.w.org\/{rel}","templated":true}]}}