{"id":1578,"date":"2019-09-11T17:36:47","date_gmt":"2019-09-11T20:36:47","guid":{"rendered":"https:\/\/uaibyte.com.br\/site\/?post_type=product&#038;p=1578"},"modified":"2024-09-13T07:13:49","modified_gmt":"2024-09-13T10:13:49","slug":"realtek-8111e-pci-e-10-100-1000mbps-placa-de-rede-lan","status":"publish","type":"product","link":"https:\/\/uaibyte.com.br\/site\/produto\/realtek-8111e-pci-e-10-100-1000mbps-placa-de-rede-lan\/","title":{"rendered":"Realtek 8111e Pci-e 10\/100\/1000mbps Placa De Rede Lan"},"content":{"rendered":"<h2 class=\"main-section__title item-description__title\">Descri\u00e7\u00e3o<\/h2>\n<div id=\"description-includes\" class=\"item-description__content \">\n<div class=\"item-description__text\">\n<p>Caracter\u00edsticas:<br \/>\n1. Apropriado para uma variedade de lugares.<br \/>\n2. Adequado para escrit\u00f3rios, cibercaf\u00e9s, vigil\u00e2ncia, servidores de dados, etc.<br \/>\n3. chip de controle principal Realtek 8111E.<br \/>\n4. Dedo de ouro PCI-E folheado a ouro.<br \/>\n5. Sistemas de suporte para o Windows7, 8 10 LINUX, etc.<\/p>\n<p>Especifica\u00e7\u00f5es:<br \/>\nProcessador do controlador: Realtek RTL8111E<br \/>\nTaxa de dados de suporte: 10M, 100M, 1Gbps (1000mbps).<br \/>\nCompat\u00edvel com a revis\u00e3o do PCI Express 1.0a.<br \/>\nInterface PCI Express x1, compat\u00edvel com slots PCI Express x1, x4, x8, x16.<br \/>\nO controle de fluxo full duplex (IEEE 802.3 3x) \u00e9 suportado.<br \/>\nTotalmente compat\u00edvel com IEEE802.3, 802.3ab, 802.3u, 802.3 3x, 802.1q, VLAN.<br \/>\nPlug and Play: Suporte.<br \/>\nSistema operativo suportado: para Windows 98SE, Windows ME, Windows 2000, XP, Vista, Windows 7\/8\/10, Mac, Linux \/ Unix, etc.<br \/>\nTamanho: aprox. 120 * 70 * 20MM \/ 4,72 * 2,76 * 0,79in<\/p>\n<p>Lista de Pacotes:<br \/>\n1 * placa de rede<\/p>\n<\/div>\n<p>***Imagens ilustrativas***<\/p>\n<\/div>\n","protected":false},"excerpt":{"rendered":"<p>Descri\u00e7\u00e3o Caracter\u00edsticas: 1. Apropriado para uma variedade de lugares. 2. Adequado para escrit\u00f3rios, cibercaf\u00e9s, vigil\u00e2ncia, servidores de dados, etc. 3. chip de controle principal Realtek 8111E. 4. Dedo de ouro PCI-E folheado a ouro. 5. Sistemas de suporte para o Windows7, 8 10 LINUX, etc. Especifica\u00e7\u00f5es: Processador do controlador: Realtek RTL8111E Taxa de dados de [&hellip;]<\/p>\n","protected":false},"featured_media":1579,"comment_status":"open","ping_status":"closed","template":"","meta":[],"_links":{"self":[{"href":"https:\/\/uaibyte.com.br\/site\/wp-json\/wp\/v2\/product\/1578"}],"collection":[{"href":"https:\/\/uaibyte.com.br\/site\/wp-json\/wp\/v2\/product"}],"about":[{"href":"https:\/\/uaibyte.com.br\/site\/wp-json\/wp\/v2\/types\/product"}],"replies":[{"embeddable":true,"href":"https:\/\/uaibyte.com.br\/site\/wp-json\/wp\/v2\/comments?post=1578"}],"wp:featuredmedia":[{"embeddable":true,"href":"https:\/\/uaibyte.com.br\/site\/wp-json\/wp\/v2\/media\/1579"}],"wp:attachment":[{"href":"https:\/\/uaibyte.com.br\/site\/wp-json\/wp\/v2\/media?parent=1578"}],"curies":[{"name":"wp","href":"https:\/\/api.w.org\/{rel}","templated":true}]}}