{"id":1595,"date":"2019-09-12T16:38:45","date_gmt":"2019-09-12T19:38:45","guid":{"rendered":"https:\/\/uaibyte.com.br\/site\/?post_type=product&#038;p=1595"},"modified":"2022-12-19T12:07:52","modified_gmt":"2022-12-19T15:07:52","slug":"gabinete-k-mex-preto-black-piano-com-fonte-de-200w","status":"publish","type":"product","link":"https:\/\/uaibyte.com.br\/site\/produto\/gabinete-k-mex-preto-black-piano-com-fonte-de-200w\/","title":{"rendered":"Gabinete K-mex Preto Black Piano com Fonte De 200w"},"content":{"rendered":"<h2 class=\"main-section__title item-description__title\">Descri\u00e7\u00e3o<\/h2>\n<div id=\"description-includes\" class=\"item-description__content \">\n<div class=\"item-description__text\">\n<p>Caracter\u00edsticas:<br \/>\n&#8211; Marca: K-Mex<\/p>\n<p>Especifica\u00e7\u00f5es:<br \/>\n&#8211; Fonte de Alimenta\u00e7\u00e3o: PX, PK S\u00e9ries<br \/>\n&#8211; Formato (Placa M\u00e3e): Micro ATX<br \/>\n&#8211; Fonte de 200w (inclusa)<\/p>\n<p>Portas Externas:<br \/>\n&#8211; 2 x USB 2.0<br \/>\n&#8211; HD \u00c1udio<\/p>\n<p>Sistema de Coolers:<br \/>\n&#8211; 1x Frontal: 120 x 120 mm (n\u00e3o incluso)<br \/>\n&#8211; 1x Traseiro: 80 x 80 mm (n\u00e3o incluso)<br \/>\n&#8211; 1x Lateral: 120 x 120 mm (n\u00e3o incluso)<\/p>\n<p>Recursos:<br \/>\n&#8211; Bordas Internas dobradas<br \/>\n&#8211; F\u00e1cil instala\u00e7\u00e3o e manuten\u00e7\u00e3o<br \/>\n&#8211; Fabricado em a\u00e7o galvanizado<br \/>\n&#8211; Painel Preto texturizado \/ Preto com detalhes preto Piano e Prata<br \/>\n&#8211; Parafuso de fixa\u00e7\u00e3o manual<\/p>\n<p>Conte\u00fado da Embalagem:<br \/>\n&#8211; Gabinete K-Mex<\/p>\n<p>***Imagens Ilustrativas***<\/p>\n<\/div>\n<\/div>\n","protected":false},"excerpt":{"rendered":"<p>Descri\u00e7\u00e3o Caracter\u00edsticas: &#8211; Marca: K-Mex Especifica\u00e7\u00f5es: &#8211; Fonte de Alimenta\u00e7\u00e3o: PX, PK S\u00e9ries &#8211; Formato (Placa M\u00e3e): Micro ATX &#8211; Fonte de 200w (inclusa) Portas Externas: &#8211; 2 x USB 2.0 &#8211; HD \u00c1udio Sistema de Coolers: &#8211; 1x Frontal: 120 x 120 mm (n\u00e3o incluso) &#8211; 1x Traseiro: 80 x 80 mm (n\u00e3o incluso) [&hellip;]<\/p>\n","protected":false},"featured_media":1596,"comment_status":"open","ping_status":"closed","template":"","meta":[],"_links":{"self":[{"href":"https:\/\/uaibyte.com.br\/site\/wp-json\/wp\/v2\/product\/1595"}],"collection":[{"href":"https:\/\/uaibyte.com.br\/site\/wp-json\/wp\/v2\/product"}],"about":[{"href":"https:\/\/uaibyte.com.br\/site\/wp-json\/wp\/v2\/types\/product"}],"replies":[{"embeddable":true,"href":"https:\/\/uaibyte.com.br\/site\/wp-json\/wp\/v2\/comments?post=1595"}],"wp:featuredmedia":[{"embeddable":true,"href":"https:\/\/uaibyte.com.br\/site\/wp-json\/wp\/v2\/media\/1596"}],"wp:attachment":[{"href":"https:\/\/uaibyte.com.br\/site\/wp-json\/wp\/v2\/media?parent=1595"}],"curies":[{"name":"wp","href":"https:\/\/api.w.org\/{rel}","templated":true}]}}