{"id":1597,"date":"2019-09-12T16:41:25","date_gmt":"2019-09-12T19:41:25","guid":{"rendered":"https:\/\/uaibyte.com.br\/site\/?post_type=product&#038;p=1597"},"modified":"2022-12-06T21:00:28","modified_gmt":"2022-12-07T00:00:28","slug":"estabilizador-ts-shara-powerest-300va-mono-saida-115v-9000","status":"publish","type":"product","link":"https:\/\/uaibyte.com.br\/site\/produto\/estabilizador-ts-shara-powerest-300va-mono-saida-115v-9000\/","title":{"rendered":"Estabilizador Ts Shara Powerest 300va Mono Sa\u00edda 115v 9000"},"content":{"rendered":"<h2 class=\"main-section__title item-description__title\">Descri\u00e7\u00e3o<\/h2>\n<div id=\"description-includes\" class=\"item-description__content \">\n<div class=\"item-description__text\">\n<p>O Estabilizador PowerEst \u00e9 a prote\u00e7\u00e3o ideal para os equipamentos eletrodom\u00e9sticos em geral, pois possuem duas caracter\u00edsticas extremamente eficientes:<\/p>\n<p>1. Auto diagn\u00f3stico de partida: Faz a an\u00e1lise pr\u00e9via da rede el\u00e9trica antes de liberar a sa\u00edda. Quando existe uma queda de energia, no retorno ela pode vir a n\u00edveis altos e queimar o equipamento. O estabilizador PowerEst evita que isso aconte\u00e7a.<br \/>\n2. Partida com cruzamento no zero: Aumenta a vida \u00fatil do equipamento, pois ele somente ser\u00e1 energizado quando a tens\u00e3o instant\u00e2nea estiver igual a zero (evita ser ligado no pico de tens\u00e3o).<\/p>\n<p>Caracter\u00edsticas:<br \/>\n\u2022 Microprocessado (tecnologia Flash)<br \/>\n\u2022 4 tomadas de sa\u00edda<br \/>\n\u2022 Prote\u00e7\u00e3o contra surtos de tens\u00e3o<br \/>\n\u2022 Prote\u00e7\u00e3o eletr\u00f4nica contra sobrecarga<br \/>\n\u2022 Prote\u00e7\u00e3o eletr\u00f4nica contra sub\/sobretens\u00e3o (desligamento e rearme autom\u00e1tico na sa\u00edda)<br \/>\n\u2022 Fus\u00edvel externo de prote\u00e7\u00e3o (com unidade reserva)<br \/>\n\u2022 Entrada Monovolt (115V fixa) ou Monovolt (220V fixa) ou Bivolt com sele\u00e7\u00e3o autom\u00e1tica (115V\/220V) \u2013 Consulte tabela abaixo para saber a tens\u00e3o de entrada de cada modelo especificado.<br \/>\n\u2022 Sa\u00edda 115V<br \/>\n\u2022 Filtro de linha integrado (em modo comum e diferencial) com atenua\u00e7\u00e3o em RFI e EMI<br \/>\n\u2022 Medi\u00e7\u00e3o e an\u00e1lise em TRUE RMS<br \/>\n\u2022 Chave liga-desliga temporizada<\/p>\n<p>\u2022 Sinaliza\u00e7\u00e3o visual de tens\u00e3o em 5 n\u00edveis:<br \/>\n= Rede normal (led aceso);<br \/>\n= Sobretens\u00e3o (piscagem r\u00e1pida);<br \/>\n= Subtens\u00e3o (piscagem lenta);<br \/>\n= An\u00e1lise de rede;<br \/>\n(piscagem crescente por 2 segundos);<br \/>\n= Sobrecarga (piscagem normal).<\/p>\n<p>*Estabilizador produzido conforme as normas NBR 5410 e NBR 14136<\/p>\n<p>Aplica\u00e7\u00f5es<br \/>\n\u2022 Equipamentos eletrodom\u00e9sticos em geral<\/p>\n<p>Caracter\u00edsticas T\u00e9cnicas:<br \/>\nProte\u00e7\u00e3o contra Subtens\u00e3o 115V: 91V<br \/>\nProte\u00e7\u00e3o contra Sobretens\u00e3o 115V: 143V<br \/>\nProte\u00e7\u00e3o contra Subtens\u00e3o 220V: 174V<br \/>\nProte\u00e7\u00e3o contra Sobretens\u00e3o 220V: 272V<br \/>\nRendimento: &gt;92%<br \/>\nDistor\u00e7\u00e3o harm\u00f4nica: n\u00e3o introduz<br \/>\nFrequencia nominal: 50Hz \/ 60Hz (aceita varia\u00e7\u00e3o de 45 a 65Hz)<br \/>\nSupressor de transientes: 150Vrms, 35J*, 2,5kA**<br \/>\nFiltro de linha: Sim<br \/>\nM\u00e9todo de sele\u00e7\u00e3o de entrada Bivolt: Autom\u00e1tico<br \/>\nGrau de prote\u00e7\u00e3o: IP 20<br \/>\nDimens\u00f5es externas (A x L x P) em mm: 165 x 120 x 225<\/p>\n<p>MODELO ANUNCIADO:<br \/>\n9000 &#8211; PowerEst 300 Monovolt 4T 300VA Entrada: 115V. Sa\u00edda: 115V.<\/p>\n<p>IMAGENS MERAMENTE ILUSTRATIVAS.<\/p>\n<\/div>\n<\/div>\n","protected":false},"excerpt":{"rendered":"<p>Descri\u00e7\u00e3o O Estabilizador PowerEst \u00e9 a prote\u00e7\u00e3o ideal para os equipamentos eletrodom\u00e9sticos em geral, pois possuem duas caracter\u00edsticas extremamente eficientes: 1. Auto diagn\u00f3stico de partida: Faz a an\u00e1lise pr\u00e9via da rede el\u00e9trica antes de liberar a sa\u00edda. Quando existe uma queda de energia, no retorno ela pode vir a n\u00edveis altos e queimar o equipamento. [&hellip;]<\/p>\n","protected":false},"featured_media":1598,"comment_status":"open","ping_status":"closed","template":"","meta":[],"_links":{"self":[{"href":"https:\/\/uaibyte.com.br\/site\/wp-json\/wp\/v2\/product\/1597"}],"collection":[{"href":"https:\/\/uaibyte.com.br\/site\/wp-json\/wp\/v2\/product"}],"about":[{"href":"https:\/\/uaibyte.com.br\/site\/wp-json\/wp\/v2\/types\/product"}],"replies":[{"embeddable":true,"href":"https:\/\/uaibyte.com.br\/site\/wp-json\/wp\/v2\/comments?post=1597"}],"wp:featuredmedia":[{"embeddable":true,"href":"https:\/\/uaibyte.com.br\/site\/wp-json\/wp\/v2\/media\/1598"}],"wp:attachment":[{"href":"https:\/\/uaibyte.com.br\/site\/wp-json\/wp\/v2\/media?parent=1597"}],"curies":[{"name":"wp","href":"https:\/\/api.w.org\/{rel}","templated":true}]}}