{"id":1599,"date":"2019-09-12T16:43:55","date_gmt":"2019-09-12T19:43:55","guid":{"rendered":"https:\/\/uaibyte.com.br\/site\/?post_type=product&#038;p=1599"},"modified":"2022-12-28T14:23:22","modified_gmt":"2022-12-28T17:23:22","slug":"cabo-coaxial-4mm-bipolar-camera-de-seguranca-80-cobre-100m","status":"publish","type":"product","link":"https:\/\/uaibyte.com.br\/site\/produto\/cabo-coaxial-4mm-bipolar-camera-de-seguranca-80-cobre-100m\/","title":{"rendered":"Cabo Coaxial 4mm Bipolar Camera De Seguran\u00e7a 80% Cobre 100m"},"content":{"rendered":"<h2 class=\"main-section__title item-description__title\">Descri\u00e7\u00e3o<\/h2>\n<div id=\"description-includes\" class=\"item-description__content \">\n<div class=\"item-description__text\">\n<p>Nosso Cabo e Nacional de Alta Qualidade Fabricado no Brasil<br \/>\nCabo Coaxial CFTV Flex\u00edvel 4mm Bipolar &#8211; 2 Vias &#8211; 80% Malha<br \/>\nCabo utilizado em instala\u00e7\u00f5es de c\u00e2meras de seguran\u00e7a.<br \/>\nCaixa com 100m &#8211; Branco Nacional .<br \/>\nCabo coaxial e usado para instala\u00e7\u00f5es de CFTV<br \/>\nBipolar<\/p>\n<p>Liga\u00e7\u00f5es de c\u00e2meras em elevadores e equipamentos de v\u00eddeo com alimenta\u00e7\u00e3o 12V<br \/>\nCondutor interno: Fio de cobre nu flex\u00edvel<br \/>\nIsola\u00e7\u00e3o Interna: Polietileno de baixa desindade<br \/>\nIsola\u00e7\u00e3o Externa: PVC 70c<br \/>\nBlindagem: 80%<br \/>\nTran\u00e7a de Fios de Liga\/Cobre Nu 26AWG ou 24AWG<br \/>\nIsola\u00e7\u00e3o Interna e Externa<br \/>\nAnti Chamas OVC 70C<br \/>\nIsola\u00e7\u00e3o Externa: PVC 70c como componentes anti-chamas branco ou preto<br \/>\nResist\u00eancia el\u00e9trica dos condutores (coaxial e laterais): 140 W \/ Km<br \/>\nResist\u00eancia el\u00e9trica da blindagem (coaxial e laterais): 80% &#8211; 32 W \/ Km<\/p>\n<p>Itens Incluso na Embalagem :<\/p>\n<p>1 Cabo Coaxial para c\u00e2meras Bipolar 4mm 80% Tran\u00e7ado Branco com 100m<\/p>\n<\/div>\n<\/div>\n","protected":false},"excerpt":{"rendered":"<p>Descri\u00e7\u00e3o Nosso Cabo e Nacional de Alta Qualidade Fabricado no Brasil Cabo Coaxial CFTV Flex\u00edvel 4mm Bipolar &#8211; 2 Vias &#8211; 80% Malha Cabo utilizado em instala\u00e7\u00f5es de c\u00e2meras de seguran\u00e7a. Caixa com 100m &#8211; Branco Nacional . Cabo coaxial e usado para instala\u00e7\u00f5es de CFTV Bipolar Liga\u00e7\u00f5es de c\u00e2meras em elevadores e equipamentos de [&hellip;]<\/p>\n","protected":false},"featured_media":1600,"comment_status":"open","ping_status":"closed","template":"","meta":[],"_links":{"self":[{"href":"https:\/\/uaibyte.com.br\/site\/wp-json\/wp\/v2\/product\/1599"}],"collection":[{"href":"https:\/\/uaibyte.com.br\/site\/wp-json\/wp\/v2\/product"}],"about":[{"href":"https:\/\/uaibyte.com.br\/site\/wp-json\/wp\/v2\/types\/product"}],"replies":[{"embeddable":true,"href":"https:\/\/uaibyte.com.br\/site\/wp-json\/wp\/v2\/comments?post=1599"}],"wp:featuredmedia":[{"embeddable":true,"href":"https:\/\/uaibyte.com.br\/site\/wp-json\/wp\/v2\/media\/1600"}],"wp:attachment":[{"href":"https:\/\/uaibyte.com.br\/site\/wp-json\/wp\/v2\/media?parent=1599"}],"curies":[{"name":"wp","href":"https:\/\/api.w.org\/{rel}","templated":true}]}}